{"id":64,"date":"2026-01-28T12:12:49","date_gmt":"2026-01-28T11:12:49","guid":{"rendered":"https:\/\/widepark.nextdigitalagency.com\/?page_id=64"},"modified":"2026-01-28T12:12:54","modified_gmt":"2026-01-28T11:12:54","slug":"blog","status":"publish","type":"page","link":"https:\/\/widepark.nextdigitalagency.com\/index.php\/blog\/","title":{"rendered":"Blog"},"content":{"rendered":"<div class=\"et_pb_section_0 et_pb_section et_section_regular et_block_section\">\n<div class=\"et_pb_row_0 et_pb_row et_block_row\">\n<div class=\"et_pb_column_0 et_pb_column et_pb_column_1_2 et_block_column et_pb_css_mix_blend_mode_passthrough\">\n<div class=\"et_pb_text_0 et_pb_text et_pb_bg_layout_light et_pb_module et_block_module\"><div class=\"et_pb_text_inner\"><h1>Blog<\/h1>\n<\/div><\/div>\n<\/div>\n\n<div class=\"et_pb_column_1 et_pb_column et_pb_column_1_2 et-last-child et_block_column et_pb_css_mix_blend_mode_passthrough\">\n<div class=\"et_pb_signup_0 et_pb_signup et_pb_newsletter et_pb_subscribe et_pb_no_bg et_pb_newsletter_description_no_title et_pb_newsletter_description_no_content et_pb_bg_layout_dark et_pb_module et_flex_module\"><div class=\"et_pb_newsletter_description et_multi_view_hidden\"><\/div><div class=\"et_pb_newsletter_form\"><form method=\"post\" class=\"\"><div class=\"et_pb_newsletter_result et_pb_newsletter_error\"><\/div><div class=\"et_pb_newsletter_result et_pb_newsletter_success\"><h2>Success!<\/h2><\/div><div class=\"et_pb_newsletter_fields et_flex_module\"><p class=\"et_pb_newsletter_field et_pb_contact_field_last et_pb_contact_field_last_tablet et_pb_contact_field_last_phone\"><label class=\"et_pb_contact_form_label\" for=\"et_pb_signup_email\" style=\"display: none;\">E-mail<\/label><input class=\"input\" id=\"et_pb_signup_email\" type=\"text\" placeholder=\"E-mail\" name=\"et_pb_signup_email\" \/><\/p><p class=\"et_pb_newsletter_button_wrap\"><a class=\"et_pb_button et_pb_newsletter_button\" href=\"#\"><span class=\"et_subscribe_loader\"><\/span><span class=\"et_pb_newsletter_button_text\">Subscribe<\/span><\/a><\/p><\/div><input type=\"hidden\" name=\"et_pb_signup_provider\" value=\"mailchimp\" \/><input type=\"hidden\" name=\"et_pb_signup_list_id\" value=\"1ea2bbd026\" \/><input type=\"hidden\" name=\"et_pb_signup_account_name\" value=\"elegantthemestest\" \/><input type=\"hidden\" name=\"et_pb_signup_ip_address\" value=\"true\" \/><input type=\"hidden\" name=\"et_pb_signup_checksum\" value=\"a22ccfd0e5f2335148eacd0b4512debc\" \/><\/form><\/div><\/div>\n<\/div>\n<\/div>\n\n<div class=\"et_pb_row_1 et_pb_row et_pb_row_1-4_3-4 et_block_row\">\n<div class=\"et_pb_column_2 et_pb_column et_pb_column_1_4 et_block_column et_pb_column_empty et_pb_css_mix_blend_mode_passthrough\"><\/div>\n\n<div class=\"et_pb_column_3 et_pb_column et_pb_column_3_4 et-last-child et_block_column et_pb_css_mix_blend_mode_passthrough\">\n<div class=\"et_pb_post_slider_0 et_pb_post_slider et_pb_bg_layout_dark et_pb_slider et_pb_slider_fullwidth_off et_pb_post_slider_image_background et_pb_module et_block_module\"><div class=\"et_pb_slides\"><div class=\"et_pb_slide et_pb_post_slide-752\" style=\"background-image:\"><div class=\"et_pb_container clearfix\"><div class=\"et_pb_slider_container_inner\"><div class=\"et_pb_slide_description\"><h2 class=\"et_pb_slide_title\"><a href=\"https:\/\/widepark.nextdigitalagency.com\/index.php\/2025\/03\/15\/vrh-h-wide-park-je-na-svete\/\">Vrh &#8222;H&#8220; Wide Park je na sv\u011bt\u011b!<\/a><\/h2><div class=\"et_pb_slide_content\"><p class=\"post-meta\">od <span class=\"author vcard\"><a href=\"https:\/\/widepark.nextdigitalagency.com\/index.php\/author\/pavlina\/\" title=\"Posts by Pavl\u00edna B\u00edl\u00e1\" rel=\"author\">Pavl\u00edna B\u00edl\u00e1<\/a><\/span> | <span class=\"published\">15\/03\/2025<\/span> | <a href=\"https:\/\/widepark.nextdigitalagency.com\/index.php\/category\/stenata\/\" rel=\"category tag\">\u0160t\u011b\u0148ata<\/a> | 0 Comments<\/p><div class=\"et_pb_slide_content_body\"><p>V p\u00e1tek 7.3.2025 se Drosince narodila \u0161t\u011b\u0148\u00e1tka. Porod prob\u011bhl v klidu a bez komplikac\u00ed a Drosinka o sv\u00e9 potomky moc hezky pe\u010duje. \u0160t\u011b\u0148\u00e1tek bylo p\u016fvodn\u011b \u0161est, ale bohu\u017eel ne v\u0161em bylo p\u0159\u00e1no, prvn\u00ed \u0161la na sv\u011bt zlat\u00e1 hol\u010di\u010dka, kter\u00e1 se p\u0159i n\u00e1ro\u010dn\u00e9m \u00fakolu otev\u0159\u00edt pro&#8230;<\/p>\n<\/div><\/div><div class=\"et_pb_button_wrapper\"><a class=\"et_pb_button et_pb_more_button\" href=\"https:\/\/widepark.nextdigitalagency.com\/index.php\/2025\/03\/15\/vrh-h-wide-park-je-na-svete\/\">Read More<\/a><\/div><\/div><\/div><\/div><\/div><div class=\"et_pb_slide et_pb_post_slide-747\" style=\"background-image:\"><div class=\"et_pb_container clearfix\"><div class=\"et_pb_slider_container_inner\"><div class=\"et_pb_slide_description\"><h2 class=\"et_pb_slide_title\"><a href=\"https:\/\/widepark.nextdigitalagency.com\/index.php\/2025\/02\/04\/drosera-je-brezi-ocekavame-vrh-h-wide-park\/\">Drosera je b\u0159ez\u00ed &#8211; o\u010dek\u00e1v\u00e1me vrh &#8222;H&#8220; Wide Park<\/a><\/h2><div class=\"et_pb_slide_content\"><p class=\"post-meta\">od <span class=\"author vcard\"><a href=\"https:\/\/widepark.nextdigitalagency.com\/index.php\/author\/pavlina\/\" title=\"Posts by Pavl\u00edna B\u00edl\u00e1\" rel=\"author\">Pavl\u00edna B\u00edl\u00e1<\/a><\/span> | <span class=\"published\">04\/02\/2025<\/span> | <a href=\"https:\/\/widepark.nextdigitalagency.com\/index.php\/category\/stenata\/\" rel=\"category tag\">\u0160t\u011b\u0148ata<\/a> | 0 Comments<\/p><div class=\"et_pb_slide_content_body\"><p>S radost\u00ed oznamujeme, \u017eevrh &#8222;H&#8220; Wide Park\u00a0je na cest\u011b, zlat\u00e1 a trikolorn\u00ed \u0161t\u011b\u0148\u00e1tka o\u010dek\u00e1v\u00e1me v prvn\u00ed polovin\u011b b\u0159ezna 2025.\u00a0Jedn\u00e1 se o extern\u00ed vrh, \u0161t\u011b\u0148\u00e1tka budou odchov\u00e1na u Drosin\u010diny majitelky Martiny H\u00e1jkov\u00e9 v Praze. Budouc\u00ed rodi\u010de \u0161t\u011b\u0148\u00e1tek: Drosera&#8230;<\/p>\n<\/div><\/div><div class=\"et_pb_button_wrapper\"><a class=\"et_pb_button et_pb_more_button\" href=\"https:\/\/widepark.nextdigitalagency.com\/index.php\/2025\/02\/04\/drosera-je-brezi-ocekavame-vrh-h-wide-park\/\">Read More<\/a><\/div><\/div><\/div><\/div><\/div><div class=\"et_pb_slide et_pb_post_slide-776\" style=\"background-image:\"><div class=\"et_pb_container clearfix\"><div class=\"et_pb_slider_container_inner\"><div class=\"et_pb_slide_description\"><h2 class=\"et_pb_slide_title\"><a href=\"https:\/\/widepark.nextdigitalagency.com\/index.php\/2024\/05\/18\/klubova-vystava-chropyne-11-12-5-2024\/\">Klubov\u00e1 v\u00fdstava Chropyn\u011b 11.-12.5.2024<\/a><\/h2><div class=\"et_pb_slide_content\"><p class=\"post-meta\">od <span class=\"author vcard\"><a href=\"https:\/\/widepark.nextdigitalagency.com\/index.php\/author\/pavlina\/\" title=\"Posts by Pavl\u00edna B\u00edl\u00e1\" rel=\"author\">Pavl\u00edna B\u00edl\u00e1<\/a><\/span> | <span class=\"published\">18\/05\/2024<\/span> | <a href=\"https:\/\/widepark.nextdigitalagency.com\/index.php\/category\/vystavy\/\" rel=\"category tag\">V\u00fdstavy<\/a> | 0 Comments<\/p><div class=\"et_pb_slide_content_body\"><p>V kv\u011btnu 2024 jsme se vypravili na Moravu na klubovou v\u00fdstavu MSKCHCS a p\u0159ivezli jsme si dom\u016f ne\u010dekan\u00fd \u00fasp\u011bch. V sobotu 11.5. na\u0161e 18m\u011bs\u00ed\u010dn\u00ed Freya, kter\u00e1 sout\u011b\u017eila v mezit\u0159\u00edd\u011b, vyhr\u00e1la celou v\u00fdstavu &#8211; nejd\u0159\u00edve BOB mezi kr\u00e1tkosrst\u00fdmi koliemi a potom i BEST IN&#8230;<\/p>\n<\/div><\/div><div class=\"et_pb_button_wrapper\"><a class=\"et_pb_button et_pb_more_button\" href=\"https:\/\/widepark.nextdigitalagency.com\/index.php\/2024\/05\/18\/klubova-vystava-chropyne-11-12-5-2024\/\">Read More<\/a><\/div><\/div><\/div><\/div><\/div><\/div><\/div>\n<\/div>\n<\/div>\n<\/div>\n\n<div class=\"et_pb_section_1 et_pb_section et_section_regular et_block_section\">\n<div class=\"et_pb_row_2 et_pb_row et_pb_row_3-4_1-4 et_block_row\">\n<div class=\"et_pb_column_4 et_pb_column et_pb_column_3_4 et_block_column et_pb_css_mix_blend_mode_passthrough\">\n<div class=\"et_pb_blog_0 et_pb_blog et_pb_bg_layout_light et_pb_posts et_pb_module\"><div class=\"et_pb_ajax_pagination_container\"><div class=\"et_pb_posts et_flex_module\"><article class=\"et_pb_post et_pb_post_id_752 clearfix et_pb_blog_item_0_0 post-752 post type-post status-publish format-standard has-post-thumbnail hentry category-stenata\"><a href=\"https:\/\/widepark.nextdigitalagency.com\/index.php\/2025\/03\/15\/vrh-h-wide-park-je-na-svete\/\" class=\"entry-featured-image-url\"><img loading=\"lazy\" decoding=\"async\" src=\"https:\/\/widepark.nextdigitalagency.com\/wp-content\/uploads\/2026\/02\/250315_1.jpg\" width=\"1080\" height=\"675\" alt=\"Vrh &#8222;H&#8220; Wide Park je na sv\u011bt\u011b!\" class=\"et_pb_post_main_image\" \/><span data-icon=\"\ue050\" class=\"et_overlay et_pb_inline_icon\"><\/span><\/a><h2 class=\"entry-title\"><a href=\"https:\/\/widepark.nextdigitalagency.com\/index.php\/2025\/03\/15\/vrh-h-wide-park-je-na-svete\/\">Vrh &#8222;H&#8220; Wide Park je na sv\u011bt\u011b!<\/a><\/h2><p class=\"post-meta\">od <span class=\"author vcard\"><a href=\"https:\/\/widepark.nextdigitalagency.com\/index.php\/author\/pavlina\/\" title=\"P\u0159\u00edsp\u011bvky od Pavl\u00edna B\u00edl\u00e1\" rel=\"author\">Pavl\u00edna B\u00edl\u00e1<\/a><\/span> | <span class=\"published\">B\u0159e 15, 2025<\/span> | <span class=\"entry-categories\"><a href=\"https:\/\/widepark.nextdigitalagency.com\/index.php\/category\/stenata\/\" rel=\"tag\">\u0160t\u011b\u0148ata<\/a><\/span><\/p><div class=\"post-content\"><div class=\"post-content-inner\"><p>V p\u00e1tek 7.3.2025 se Drosince narodila \u0161t\u011b\u0148\u00e1tka. Porod prob\u011bhl v klidu a bez komplikac\u00ed a Drosinka o sv\u00e9 potomky moc hezky pe\u010duje. \u0160t\u011b\u0148\u00e1tek bylo p\u016fvodn\u011b \u0161est, ale bohu\u017eel ne v\u0161em bylo p\u0159\u00e1no, prvn\u00ed \u0161la na sv\u011bt zlat\u00e1 hol\u010di\u010dka, kter\u00e1 se p\u0159i n\u00e1ro\u010dn\u00e9m \u00fakolu otev\u0159\u00edt pro&#8230;<\/p>\n<\/div><\/div><\/article><article class=\"et_pb_post et_pb_post_id_747 clearfix et_pb_blog_item_0_1 post-747 post type-post status-publish format-standard has-post-thumbnail hentry category-stenata\"><a href=\"https:\/\/widepark.nextdigitalagency.com\/index.php\/2025\/02\/04\/drosera-je-brezi-ocekavame-vrh-h-wide-park\/\" class=\"entry-featured-image-url\"><img loading=\"lazy\" decoding=\"async\" src=\"https:\/\/widepark.nextdigitalagency.com\/wp-content\/uploads\/2026\/02\/250204.jpg\" width=\"1080\" height=\"675\" alt=\"Drosera je b\u0159ez\u00ed &#8211; o\u010dek\u00e1v\u00e1me vrh &#8222;H&#8220; Wide Park\" class=\"et_pb_post_main_image\" \/><span data-icon=\"\ue050\" class=\"et_overlay et_pb_inline_icon\"><\/span><\/a><h2 class=\"entry-title\"><a href=\"https:\/\/widepark.nextdigitalagency.com\/index.php\/2025\/02\/04\/drosera-je-brezi-ocekavame-vrh-h-wide-park\/\">Drosera je b\u0159ez\u00ed &#8211; o\u010dek\u00e1v\u00e1me vrh &#8222;H&#8220; Wide Park<\/a><\/h2><p class=\"post-meta\">od <span class=\"author vcard\"><a href=\"https:\/\/widepark.nextdigitalagency.com\/index.php\/author\/pavlina\/\" title=\"P\u0159\u00edsp\u011bvky od Pavl\u00edna B\u00edl\u00e1\" rel=\"author\">Pavl\u00edna B\u00edl\u00e1<\/a><\/span> | <span class=\"published\">\u00dano 4, 2025<\/span> | <span class=\"entry-categories\"><a href=\"https:\/\/widepark.nextdigitalagency.com\/index.php\/category\/stenata\/\" rel=\"tag\">\u0160t\u011b\u0148ata<\/a><\/span><\/p><div class=\"post-content\"><div class=\"post-content-inner\"><p>S radost\u00ed oznamujeme, \u017eevrh &#8222;H&#8220; Wide Park\u00a0je na cest\u011b, zlat\u00e1 a trikolorn\u00ed \u0161t\u011b\u0148\u00e1tka o\u010dek\u00e1v\u00e1me v prvn\u00ed polovin\u011b b\u0159ezna 2025.\u00a0Jedn\u00e1 se o extern\u00ed vrh, \u0161t\u011b\u0148\u00e1tka budou odchov\u00e1na u Drosin\u010diny majitelky Martiny H\u00e1jkov\u00e9 v Praze. Budouc\u00ed rodi\u010de \u0161t\u011b\u0148\u00e1tek: Drosera&#8230;<\/p>\n<\/div><\/div><\/article><article class=\"et_pb_post et_pb_post_id_776 clearfix et_pb_blog_item_0_2 post-776 post type-post status-publish format-standard has-post-thumbnail hentry category-vystavy\"><a href=\"https:\/\/widepark.nextdigitalagency.com\/index.php\/2024\/05\/18\/klubova-vystava-chropyne-11-12-5-2024\/\" class=\"entry-featured-image-url\"><img loading=\"lazy\" decoding=\"async\" src=\"https:\/\/widepark.nextdigitalagency.com\/wp-content\/uploads\/2026\/02\/240518_1.jpg\" width=\"1080\" height=\"675\" alt=\"Klubov\u00e1 v\u00fdstava Chropyn\u011b 11.-12.5.2024\" class=\"et_pb_post_main_image\" \/><span data-icon=\"\ue050\" class=\"et_overlay et_pb_inline_icon\"><\/span><\/a><h2 class=\"entry-title\"><a href=\"https:\/\/widepark.nextdigitalagency.com\/index.php\/2024\/05\/18\/klubova-vystava-chropyne-11-12-5-2024\/\">Klubov\u00e1 v\u00fdstava Chropyn\u011b 11.-12.5.2024<\/a><\/h2><p class=\"post-meta\">od <span class=\"author vcard\"><a href=\"https:\/\/widepark.nextdigitalagency.com\/index.php\/author\/pavlina\/\" title=\"P\u0159\u00edsp\u011bvky od Pavl\u00edna B\u00edl\u00e1\" rel=\"author\">Pavl\u00edna B\u00edl\u00e1<\/a><\/span> | <span class=\"published\">Kv\u011b 18, 2024<\/span> | <span class=\"entry-categories\"><a href=\"https:\/\/widepark.nextdigitalagency.com\/index.php\/category\/vystavy\/\" rel=\"tag\">V\u00fdstavy<\/a><\/span><\/p><div class=\"post-content\"><div class=\"post-content-inner\"><p>V kv\u011btnu 2024 jsme se vypravili na Moravu na klubovou v\u00fdstavu MSKCHCS a p\u0159ivezli jsme si dom\u016f ne\u010dekan\u00fd \u00fasp\u011bch. V sobotu 11.5. na\u0161e 18m\u011bs\u00ed\u010dn\u00ed Freya, kter\u00e1 sout\u011b\u017eila v mezit\u0159\u00edd\u011b, vyhr\u00e1la celou v\u00fdstavu &#8211; nejd\u0159\u00edve BOB mezi kr\u00e1tkosrst\u00fdmi koliemi a potom i BEST IN&#8230;<\/p>\n<\/div><\/div><\/article><\/div><div class=\"pagination clearfix\">\n\t<div class=\"alignleft\"><a href=\"https:\/\/widepark.nextdigitalagency.com\/index.php\/wp-json\/wp\/v2\/pages\/64\/page\/2\/?et_blog\" >&laquo; Star\u0161\u00ed p\u0159\u00edsp\u011bvky<\/a><\/div>\n\t<div class=\"alignright\"><\/div>\n<\/div><\/div><\/div>\n<\/div>\n\n<div class=\"et_pb_column_5 et_pb_column et_pb_column_1_4 et-last-child et_block_column et_pb_css_mix_blend_mode_passthrough\">\n<div class=\"et_pb_sidebar_0 et_pb_widget_area clearfix et_pb_widget_area_left et_pb_bg_layout_light et_pb_module et_flex_module\"><div id=\"block-2\" class=\"et_pb_widget widget_block widget_search et_flex_column et_flex_column_24_24\"><form role=\"search\" method=\"get\" action=\"https:\/\/widepark.nextdigitalagency.com\/\" class=\"wp-block-search__button-outside wp-block-search__text-button wp-block-search\" ><label class=\"wp-block-search__label\" for=\"wp-block-search__input-29\" >Hledat<\/label><div class=\"wp-block-search__inside-wrapper\" ><input class=\"wp-block-search__input\" id=\"wp-block-search__input-29\" placeholder=\"\" value=\"\" type=\"search\" name=\"s\" required \/><button aria-label=\"Hledat\" class=\"wp-block-search__button wp-element-button\" type=\"submit\" >Hledat<\/button><\/div><\/form><\/div><div id=\"block-3\" class=\"et_pb_widget widget_block et_flex_column et_flex_column_24_24\"><div class=\"wp-block-group is-layout-flow wp-block-group-is-layout-flow\"><h2 class=\"wp-block-heading\">Recent Posts<\/h2><ul class=\"wp-block-latest-posts__list wp-block-latest-posts\"><li><a class=\"wp-block-latest-posts__post-title\" href=\"https:\/\/widepark.nextdigitalagency.com\/index.php\/2025\/03\/15\/vrh-h-wide-park-je-na-svete\/\">Vrh &#8222;H&#8220; Wide Park je na sv\u011bt\u011b!<\/a><\/li>\n<li><a class=\"wp-block-latest-posts__post-title\" href=\"https:\/\/widepark.nextdigitalagency.com\/index.php\/2025\/02\/04\/drosera-je-brezi-ocekavame-vrh-h-wide-park\/\">Drosera je b\u0159ez\u00ed &#8211; o\u010dek\u00e1v\u00e1me vrh &#8222;H&#8220; Wide Park<\/a><\/li>\n<li><a class=\"wp-block-latest-posts__post-title\" href=\"https:\/\/widepark.nextdigitalagency.com\/index.php\/2024\/05\/18\/klubova-vystava-chropyne-11-12-5-2024\/\">Klubov\u00e1 v\u00fdstava Chropyn\u011b 11.-12.5.2024<\/a><\/li>\n<li><a class=\"wp-block-latest-posts__post-title\" href=\"https:\/\/widepark.nextdigitalagency.com\/index.php\/2024\/04\/28\/klubova-vystava-humpolec-20-21-4-2024\/\">Klubov\u00e1 v\u00fdstava Humpolec 20.-21.4.2024<\/a><\/li>\n<li><a class=\"wp-block-latest-posts__post-title\" href=\"https:\/\/widepark.nextdigitalagency.com\/index.php\/2024\/04\/25\/grewia-wide-park-slavi-1-narozeniny\/\">Grewia Wide Park slav\u00ed 1. narozeniny<\/a><\/li>\n<\/ul><\/div><\/div><div id=\"block-4\" class=\"et_pb_widget widget_block et_flex_column et_flex_column_24_24\"><div class=\"wp-block-group is-layout-flow wp-block-group-is-layout-flow\"><h2 class=\"wp-block-heading\">Recent Comments<\/h2><div class=\"no-comments wp-block-latest-comments\">\u017d\u00e1dn\u00e9 koment\u00e1\u0159e.<\/div><\/div><\/div><\/div>\n<\/div>\n<\/div>\n<\/div>\n\n<div class=\"et_pb_section_2 et_pb_section et_section_regular et_block_section\">\n<div class=\"et_pb_row_3 et_pb_row et_pb_equal_columns et_block_row\">\n<div class=\"et_pb_column_6 et_pb_column et_pb_column_1_3 et_block_column et_pb_css_mix_blend_mode_passthrough\">\n<div class=\"et_pb_image_0 et_pb_image et_pb_module et_block_module\"><span class=\"et_pb_image_wrap\"><img loading=\"lazy\" decoding=\"async\" src=\"https:\/\/widepark.nextdigitalagency.com\/wp-content\/uploads\/2026\/01\/meditation-center-07.png\" width=\"80\" height=\"80\" sizes=\"(max-width: 80px) 100vw, 80px\" class=\"wp-image-29\" title=\"meditation-center-07\" \/><\/span><\/div>\n\n<div class=\"et_pb_text_1 et_pb_text et_pb_bg_layout_dark et_pb_module et_block_module\"><div class=\"et_pb_text_inner\"><p>Lorem ipsum dolor sit amet, consectetur adipiscing elit, sed do eiusmod tempor incididunt ut labore.<\/p>\n<\/div><\/div>\n<\/div>\n\n<div class=\"et_pb_column_7 et_pb_column et_pb_column_1_3 et_block_column et_pb_css_mix_blend_mode_passthrough\">\n<div class=\"et_pb_blurb_0 et_pb_blurb et_pb_bg_layout_dark et_pb_blurb_position_top et_pb_module et_block_module\"><div class=\"et_pb_blurb_content\"><div class=\"et_pb_blurb_container\"><h4 class=\"et_pb_module_header\">Address<\/h4><div class=\"et_pb_blurb_description\"><p>1235 Divi St #1351<br \/>\nSan Francisco, CA 93153<\/p>\n<\/div><\/div><\/div><\/div>\n<\/div>\n\n<div class=\"et_pb_column_8 et_pb_column et_pb_column_1_3 et-last-child et_block_column et_pb_css_mix_blend_mode_passthrough\">\n<div class=\"et_pb_blurb_1 et_pb_blurb et_pb_bg_layout_dark et_pb_blurb_position_top et_pb_module et_block_module\"><div class=\"et_pb_blurb_content\"><div class=\"et_pb_blurb_container\"><h4 class=\"et_pb_module_header\">Contact<\/h4><div class=\"et_pb_blurb_description\"><p><a href=\"#\">hello@divimeditation.com<\/a><br \/> (255) 352-6258<\/p>\n<\/div><\/div><\/div><\/div>\n<\/div>\n<\/div>\n<\/div>","protected":false},"excerpt":{"rendered":"","protected":false},"author":1,"featured_media":0,"parent":0,"menu_order":0,"comment_status":"closed","ping_status":"closed","template":"","meta":{"footnotes":""},"class_list":["post-64","page","type-page","status-publish","hentry"],"_links":{"self":[{"href":"https:\/\/widepark.nextdigitalagency.com\/index.php\/wp-json\/wp\/v2\/pages\/64","targetHints":{"allow":["GET"]}}],"collection":[{"href":"https:\/\/widepark.nextdigitalagency.com\/index.php\/wp-json\/wp\/v2\/pages"}],"about":[{"href":"https:\/\/widepark.nextdigitalagency.com\/index.php\/wp-json\/wp\/v2\/types\/page"}],"author":[{"embeddable":true,"href":"https:\/\/widepark.nextdigitalagency.com\/index.php\/wp-json\/wp\/v2\/users\/1"}],"replies":[{"embeddable":true,"href":"https:\/\/widepark.nextdigitalagency.com\/index.php\/wp-json\/wp\/v2\/comments?post=64"}],"version-history":[{"count":2,"href":"https:\/\/widepark.nextdigitalagency.com\/index.php\/wp-json\/wp\/v2\/pages\/64\/revisions"}],"predecessor-version":[{"id":68,"href":"https:\/\/widepark.nextdigitalagency.com\/index.php\/wp-json\/wp\/v2\/pages\/64\/revisions\/68"}],"wp:attachment":[{"href":"https:\/\/widepark.nextdigitalagency.com\/index.php\/wp-json\/wp\/v2\/media?parent=64"}],"curies":[{"name":"wp","href":"https:\/\/api.w.org\/{rel}","templated":true}]}}