{"id":810,"date":"2026-02-03T12:33:09","date_gmt":"2026-02-03T11:33:09","guid":{"rendered":"https:\/\/widepark.nextdigitalagency.com\/?page_id=810"},"modified":"2026-02-03T12:33:10","modified_gmt":"2026-02-03T11:33:10","slug":"stenata","status":"publish","type":"page","link":"https:\/\/widepark.nextdigitalagency.com\/index.php\/stenata\/","title":{"rendered":"\u0160t\u011b\u0148ata"},"content":{"rendered":"","protected":false},"excerpt":{"rendered":"","protected":false},"author":1,"featured_media":0,"parent":0,"menu_order":0,"comment_status":"closed","ping_status":"closed","template":"","meta":{"footnotes":""},"class_list":["post-810","page","type-page","status-publish","hentry"],"_links":{"self":[{"href":"https:\/\/widepark.nextdigitalagency.com\/index.php\/wp-json\/wp\/v2\/pages\/810","targetHints":{"allow":["GET"]}}],"collection":[{"href":"https:\/\/widepark.nextdigitalagency.com\/index.php\/wp-json\/wp\/v2\/pages"}],"about":[{"href":"https:\/\/widepark.nextdigitalagency.com\/index.php\/wp-json\/wp\/v2\/types\/page"}],"author":[{"embeddable":true,"href":"https:\/\/widepark.nextdigitalagency.com\/index.php\/wp-json\/wp\/v2\/users\/1"}],"replies":[{"embeddable":true,"href":"https:\/\/widepark.nextdigitalagency.com\/index.php\/wp-json\/wp\/v2\/comments?post=810"}],"version-history":[{"count":1,"href":"https:\/\/widepark.nextdigitalagency.com\/index.php\/wp-json\/wp\/v2\/pages\/810\/revisions"}],"predecessor-version":[{"id":811,"href":"https:\/\/widepark.nextdigitalagency.com\/index.php\/wp-json\/wp\/v2\/pages\/810\/revisions\/811"}],"wp:attachment":[{"href":"https:\/\/widepark.nextdigitalagency.com\/index.php\/wp-json\/wp\/v2\/media?parent=810"}],"curies":[{"name":"wp","href":"https:\/\/api.w.org\/{rel}","templated":true}]}}